{"id":5,"date":"2021-03-30T21:00:36","date_gmt":"2021-03-30T21:00:36","guid":{"rendered":"http:\/\/citato.de\/?page_id=5"},"modified":"2021-11-15T18:44:14","modified_gmt":"2021-11-15T18:44:14","slug":"willkommen-auf-https-verlag-schwerte-de-2","status":"publish","type":"page","link":"https:\/\/citato.de\/","title":{"rendered":"Verlag Schwerte"},"content":{"rendered":"\n<p>Wie begleiten Sie bei der digitalen Transformation Ihres Unternehmens und Ihrer Produkte mit Produktionen aus den Bereichen Video- und Audioproduktionen, sowie klassische Verlagsprodukte. <\/p>\n\n\n\n<blockquote class=\"wp-block-quote is-layout-flow wp-block-quote-is-layout-flow\"><p>In unseren Beitr\u00e4gen finden Sie Referenzproduktionen aus den Bereichen Multimedia, Smartphone Applikationen und Lehrmedien<\/p><\/blockquote>\n\n\n\n<p>&#8230;wir unterst\u00fctzen Sie bei <\/p>\n\n\n\n<blockquote class=\"wp-block-quote is-layout-flow wp-block-quote-is-layout-flow\"><p>Imagefilmen, H\u00f6rspielproduktionen, Enterprise Gamifikation, Edutainment und Werbung<\/p><\/blockquote>\n\n\n\n<p>Wir \u00fcbernehmen das Projektmanagement Ihrer Medienproduktion nach Ihren W\u00fcnschen von der Content-Recherche, \u00fcber das Produktions-Skript bis zum fertigen Medium.<\/p>\n\n\n\n<p><\/p>\n","protected":false},"excerpt":{"rendered":"<p>Wie begleiten Sie bei der digitalen Transformation Ihres Unternehmens und Ihrer Produkte mit Produktionen aus den Bereichen Video- und Audioproduktionen, sowie klassische Verlagsprodukte. In unseren Beitr\u00e4gen finden Sie Referenzproduktionen aus den Bereichen Multimedia, Smartphone Applikationen und Lehrmedien &#8230;wir unterst\u00fctzen Sie bei Imagefilmen, H\u00f6rspielproduktionen, Enterprise Gamifikation, Edutainment und Werbung Wir \u00fcbernehmen das Projektmanagement Ihrer Medienproduktion nach [&hellip;]<\/p>\n","protected":false},"author":1,"featured_media":0,"parent":0,"menu_order":0,"comment_status":"closed","ping_status":"open","template":"","meta":{"footnotes":""},"class_list":["post-5","page","type-page","status-publish","hentry","post"],"jetpack-related-posts":[],"jetpack_sharing_enabled":true,"_links":{"self":[{"href":"https:\/\/citato.de\/index.php?rest_route=\/wp\/v2\/pages\/5","targetHints":{"allow":["GET"]}}],"collection":[{"href":"https:\/\/citato.de\/index.php?rest_route=\/wp\/v2\/pages"}],"about":[{"href":"https:\/\/citato.de\/index.php?rest_route=\/wp\/v2\/types\/page"}],"author":[{"embeddable":true,"href":"https:\/\/citato.de\/index.php?rest_route=\/wp\/v2\/users\/1"}],"replies":[{"embeddable":true,"href":"https:\/\/citato.de\/index.php?rest_route=%2Fwp%2Fv2%2Fcomments&post=5"}],"version-history":[{"count":7,"href":"https:\/\/citato.de\/index.php?rest_route=\/wp\/v2\/pages\/5\/revisions"}],"predecessor-version":[{"id":137,"href":"https:\/\/citato.de\/index.php?rest_route=\/wp\/v2\/pages\/5\/revisions\/137"}],"wp:attachment":[{"href":"https:\/\/citato.de\/index.php?rest_route=%2Fwp%2Fv2%2Fmedia&parent=5"}],"curies":[{"name":"wp","href":"https:\/\/api.w.org\/{rel}","templated":true}]}}