{"id":48,"date":"2021-04-03T16:02:03","date_gmt":"2021-04-03T16:02:03","guid":{"rendered":"http:\/\/citato.de\/?page_id=48"},"modified":"2021-11-15T18:39:16","modified_gmt":"2021-11-15T18:39:16","slug":"medienkanaele","status":"publish","type":"page","link":"http:\/\/citato.de\/?page_id=48","title":{"rendered":"Medienkan\u00e4le"},"content":{"rendered":"<p>Liebe Interessierte!<\/p>\n<p>Neben unseren Beitr\u00e4gen auf dieser Seite haben wir auch einen YouTube und SoundCloud Kanal, auf dem wir in Zukunft Medienbeitr\u00e4ge publizieren. \u00dcber ein Abonnement, Like oder auch Kommentare freuen wir uns.<\/p>\n<p><a href=\"http:\/\/bit.ly\/Verlag-Schwerte-Youtube\" target=\"_blank\" rel=\"noopener\">YouTube-Kanal<\/a><\/p>\n<p><a href=\"https:\/\/soundcloud.com\/thorsten-schwerte\" target=\"_blank\" rel=\"noopener\">SoundCloud-Kanal<\/a><\/p>\n","protected":false},"excerpt":{"rendered":"<p>Liebe Interessierte! Neben unseren Beitr\u00e4gen auf dieser Seite haben wir auch einen YouTube und SoundCloud Kanal, auf dem wir in Zukunft Medienbeitr\u00e4ge publizieren. \u00dcber ein Abonnement, Like oder auch Kommentare freuen wir uns. YouTube-Kanal SoundCloud-Kanal<\/p>\n","protected":false},"author":1,"featured_media":0,"parent":0,"menu_order":3,"comment_status":"closed","ping_status":"closed","template":"","meta":{"footnotes":""},"class_list":["post-48","page","type-page","status-publish","hentry","post"],"jetpack-related-posts":[],"jetpack_sharing_enabled":true,"_links":{"self":[{"href":"http:\/\/citato.de\/index.php?rest_route=\/wp\/v2\/pages\/48","targetHints":{"allow":["GET"]}}],"collection":[{"href":"http:\/\/citato.de\/index.php?rest_route=\/wp\/v2\/pages"}],"about":[{"href":"http:\/\/citato.de\/index.php?rest_route=\/wp\/v2\/types\/page"}],"author":[{"embeddable":true,"href":"http:\/\/citato.de\/index.php?rest_route=\/wp\/v2\/users\/1"}],"replies":[{"embeddable":true,"href":"http:\/\/citato.de\/index.php?rest_route=%2Fwp%2Fv2%2Fcomments&post=48"}],"version-history":[{"count":2,"href":"http:\/\/citato.de\/index.php?rest_route=\/wp\/v2\/pages\/48\/revisions"}],"predecessor-version":[{"id":143,"href":"http:\/\/citato.de\/index.php?rest_route=\/wp\/v2\/pages\/48\/revisions\/143"}],"wp:attachment":[{"href":"http:\/\/citato.de\/index.php?rest_route=%2Fwp%2Fv2%2Fmedia&parent=48"}],"curies":[{"name":"wp","href":"https:\/\/api.w.org\/{rel}","templated":true}]}}