{"id":2,"date":"2021-03-30T19:44:15","date_gmt":"2021-03-30T19:44:15","guid":{"rendered":"http:\/\/citato.de\/?page_id=2"},"modified":"2023-02-04T16:57:58","modified_gmt":"2023-02-04T16:57:58","slug":"sample-page","status":"publish","type":"page","link":"http:\/\/citato.de\/?page_id=2","title":{"rendered":"Unser Studio"},"content":{"rendered":"\n<p>Unsere Studio ist vorbereitet f\u00fcr Sie in den Bereichen<\/p>\n\n\n\n<blockquote class=\"wp-block-quote is-layout-flow wp-block-quote-is-layout-flow\">\n<p>Audio- und Videoproduktion<br>Sounddesign<br>H\u00f6rspielproduktion (klassisch und 3D-Immersive Sound)<br>location based Gamification<br>Digitale Ausstellungsf\u00fchrer (indoor und outdoor)<br>Edutainment<br>Digitale Schulungsunterlagen<\/p>\n<\/blockquote>\n\n\n\n<p>&#8230;oder:<\/p>\n\n\n\n<blockquote class=\"wp-block-quote is-layout-flow wp-block-quote-is-layout-flow\">\n<p>Musikproduktion<br>Field Recording<br>Drohnenaufnahmen<br>Musikkomposition<br>Digitalisierung<br>Literatur und Informationsrecherche<br>\u00dcbersetzungsdienstleistung, keine Rechtstexte (Englisch, Franz\u00f6sisch, Italienisch und Spanisch)<\/p>\n<\/blockquote>\n\n\n\n<p>Unsere Technik:<\/p>\n\n\n\n<blockquote class=\"wp-block-quote is-layout-flow wp-block-quote-is-layout-flow\">\n<p>Steinberg Nuendo<br>Blackmagic DaVinci Resolve Studio<br>Native Instruments Komplete 14 Ultimate Collectors<br>div. Plug-Ins<br>div. Field Recorder<br>Standard- und Spezialmikrofone<br>Cinematic Video 8K<br>Locandy Content Management System <\/p>\n<\/blockquote>\n","protected":false},"excerpt":{"rendered":"<p>Unsere Studio ist vorbereitet f\u00fcr Sie in den Bereichen Audio- und VideoproduktionSounddesignH\u00f6rspielproduktion (klassisch und 3D-Immersive Sound)location based GamificationDigitale Ausstellungsf\u00fchrer (indoor und outdoor)EdutainmentDigitale Schulungsunterlagen &#8230;oder: MusikproduktionField RecordingDrohnenaufnahmenMusikkompositionDigitalisierungLiteratur und Informationsrecherche\u00dcbersetzungsdienstleistung, keine Rechtstexte (Englisch, Franz\u00f6sisch, Italienisch und Spanisch) Unsere Technik: Steinberg NuendoBlackmagic DaVinci Resolve StudioNative Instruments Komplete 14 Ultimate Collectorsdiv. Plug-Insdiv. Field RecorderStandard- und SpezialmikrofoneCinematic Video 8KLocandy Content [&hellip;]<\/p>\n","protected":false},"author":1,"featured_media":0,"parent":0,"menu_order":1,"comment_status":"closed","ping_status":"closed","template":"","meta":{"footnotes":""},"class_list":["post-2","page","type-page","status-publish","hentry","post"],"jetpack-related-posts":[],"jetpack_sharing_enabled":true,"_links":{"self":[{"href":"http:\/\/citato.de\/index.php?rest_route=\/wp\/v2\/pages\/2","targetHints":{"allow":["GET"]}}],"collection":[{"href":"http:\/\/citato.de\/index.php?rest_route=\/wp\/v2\/pages"}],"about":[{"href":"http:\/\/citato.de\/index.php?rest_route=\/wp\/v2\/types\/page"}],"author":[{"embeddable":true,"href":"http:\/\/citato.de\/index.php?rest_route=\/wp\/v2\/users\/1"}],"replies":[{"embeddable":true,"href":"http:\/\/citato.de\/index.php?rest_route=%2Fwp%2Fv2%2Fcomments&post=2"}],"version-history":[{"count":7,"href":"http:\/\/citato.de\/index.php?rest_route=\/wp\/v2\/pages\/2\/revisions"}],"predecessor-version":[{"id":194,"href":"http:\/\/citato.de\/index.php?rest_route=\/wp\/v2\/pages\/2\/revisions\/194"}],"wp:attachment":[{"href":"http:\/\/citato.de\/index.php?rest_route=%2Fwp%2Fv2%2Fmedia&parent=2"}],"curies":[{"name":"wp","href":"https:\/\/api.w.org\/{rel}","templated":true}]}}